{"id":521,"date":"2020-09-10T14:23:26","date_gmt":"2020-09-10T12:23:26","guid":{"rendered":"https:\/\/www.tremeco.com\/informativa-sulla-privacy\/"},"modified":"2020-09-10T14:23:27","modified_gmt":"2020-09-10T12:23:27","slug":"informativa-sulla-privacy","status":"publish","type":"page","link":"https:\/\/www.tremeco.com\/it\/informativa-sulla-privacy\/","title":{"rendered":"Informativa sulla privacy"},"content":{"rendered":"\n<style type=\"text\/css\" data-created_by=\"avia_inline_auto\" id=\"style-css-av-3jmt-dba1fb7a8286a30d4d7e05db2ca3ee4d\">\n.flex_column.av-3jmt-dba1fb7a8286a30d4d7e05db2ca3ee4d{\nborder-radius:0px 0px 0px 0px;\npadding:0px 0px 0px 0px;\n}\n<\/style>\n<div  class='flex_column av-3jmt-dba1fb7a8286a30d4d7e05db2ca3ee4d av_one_full  avia-builder-el-0  avia-builder-el-no-sibling  first flex_column_div av-zero-column-padding  '     ><p>\n<style type=\"text\/css\" data-created_by=\"avia_inline_auto\" id=\"style-css-av-35tb-38c8003d4080fb6133b08d489aa6c2e1\">\n#top .av-special-heading.av-35tb-38c8003d4080fb6133b08d489aa6c2e1{\npadding-bottom:10px;\n}\nbody .av-special-heading.av-35tb-38c8003d4080fb6133b08d489aa6c2e1 .av-special-heading-tag .heading-char{\nfont-size:25px;\n}\n.av-special-heading.av-35tb-38c8003d4080fb6133b08d489aa6c2e1 .av-subheading{\nfont-size:15px;\n}\n<\/style>\n<div  class='av-special-heading av-35tb-38c8003d4080fb6133b08d489aa6c2e1 av-special-heading-h2 blockquote modern-quote modern-centered  avia-builder-el-1  el_before_av_textblock  avia-builder-el-first '><h2 class='av-special-heading-tag '  itemprop=\"headline\"  >Informativa sulla privacy<\/h2><div class=\"special-heading-border\"><div class=\"special-heading-inner-border\"><\/div><\/div><\/div><br \/>\n<section  class='av_textblock_section av-kcerwgg0-3fb342e5e87f06c826ee2f358a31709b '   itemscope=\"itemscope\" itemtype=\"https:\/\/schema.org\/CreativeWork\" ><div class='avia_textblock'  itemprop=\"text\" ><p>La tutela dei vostri dati personali \u00e8 per noi fondamentale. Elaboriamo perci\u00f2 i vostri dati esclusivamente sulla base delle disposizioni di legge\u00a0 (RGPD, Legge austriaca sulle telecomunicazioni (TKG) 2003). Con queste informazioni sulla privacy vi informiamo degli aspetti pi\u00f9 importanti circa l\u2019elaborazione dei dati nell\u2019ambito del nostro sito web.<\/p>\n<h3>Dati di accesso<\/h3>\n<p>Il gestore del sito rileva i dati sugli accessi alla pagina e li memorizza come \u201cfile di log del server\u201d. I seguenti dati vengono cos\u00ec registrati:<\/p>\n<ul>\n<li>sito web visitato<\/li>\n<li>orario al momento dell\u2018accesso<\/li>\n<li>quantit\u00e0 di dati inviati in byte<\/li>\n<li>fonte\/riferimento dal quale siete arrivati alla pagina<\/li>\n<li>browser utilizzato<\/li>\n<li>sistema operativo utilizzato<\/li>\n<li>indirizzo IP utilizzato<\/li>\n<\/ul>\n<p>I dati rilevati servono esclusivamente per valutazioni statistiche e per migliorare il sito web. Il gestore del sito web si riserva tuttavia di verificare successivamente i file di log, qualora delle indicazioni concrete dovessero mostrare un utilizzo illegale.<\/p>\n<h3>Cookie<\/h3>\n<p>Questo sito web utilizza cookie. Si tratta di piccoli file di testo che vengono salvati sul vostro dispositivo e che non provocano alcun danno. Il browser accede a questi file. Con l\u2019utilizzo di cookie aumenta la facilit\u00e0 di utilizzo e la sicurezza di questo sito web.<\/p>\n<p>I browser comuni offrono l\u2018opzione di impostazione per \u00a0non consentire i cookie. Indicazione: non \u00e8\u00a0 garantito che possiate accedere a tutte le funzioni di questo sito web senza limiti se vengono effettuate queste impostazioni.<\/p>\n<p>Trattamento dei dati personali<\/p>\n<p>Il gestore del sito web rileva, utilizza e inoltra i vostri dati personali, nella misura in cui risulti consentito dalla legge o si accetti il rilevamento dei dati.<\/p>\n<p>Come dati personali si intendono tutte le informazioni che servono a determinare la vostra persona e che possono ricondurre a voi, ad esempio il vostro nome, indirizzo e-mail e numero telefonico.<\/p>\n<h3>Trattamento dei dati di contatto<\/h3>\n<p>Se contattate il gestore del sito web attraverso le possibilit\u00e0 di contatto offerte, i vostri dati saranno memorizzati per sei mesi, in modo che sia possibile elaborare e rispondere alle richieste e nel caso dovessero emergere domande successive. Senza il vostro consenso questi dati non saranno inoltrati a terzi.<\/p>\n<h3>Google Analytics<\/h3>\n<p>Il nostro sito web utilizza funzioni del servizio di analisi web \u201cGoogle Analytics\u201d offerto da Google Inc. (1600 Amphitheatre Parkway Mountain View, CA 94043, USA). A tal proposito si utilizzano cookie che consentono un\u2019analisi dell\u2019utilizzo del sito web attraverso i suoi utenti. Le informazioni qui generate vengono trasmesse al server del fornitore e l\u00ec memorizzate.<\/p>\n<p>\u00c8 possibile evitarlo, configurando il browser in modo tale che nessun cookie possa essere memorizzato.<\/p>\n<p>Abbiamo stipulato con il fornitore un contratto per l&#8217;elaborazione dei dati dell\u2019ordine.<\/p>\n<p>Il vostro indirizzo IP viene rilevato, ma immediatamente\u00a0 pseudonomizzato (ad esempio cancellando gli ultimi 8 Bit). In questo modo \u00e8 possibile solo una localizzazione\u00a0 approssimativa.<\/p>\n<p>Il rapporto con il fornitore dell\u2019analisi web si basa sulle clausole rispettivamente valide del diritto statunitense (Privacy Shield).<\/p>\n<p>L\u2019elaborazione dei dati avviene sulla base delle disposizioni di legge del \u00a7 96 cap. 3 Legge austriaca sulle telecomunicazioni (TKG) e dell\u2019art. 6 cap. 1 lettera A (consenso) e \/o f (interesse autorizzato) dell\u2019RGPD.<\/p>\n<p>La nostra esigenza ai sensi dell\u2019RGPD (interesse autorizzato) \u00e8 il miglioramento della nostra offerta e della nostra presenza sul web. Poich\u00e9 la sfera privata dei nostri utenti \u00e8 per noi importante, \u00a0i dati degli utenti vengono pseudonomizzati.<\/p>\n<p>I dati degli utenti vengono memorizzati per la durata di 26 mesi.<\/p>\n<p>Inoltre, \u00e8 possibile evitare, attraverso un plugin del browser, che le informazioni raccolte attraverso i cookie (incluso il vostro indirizzo IP) vengano inviate a Google e utilizzate da Google Inc. Il seguente link vi porta al relativo plugin: <a href=\"https:\/\/tools.google.com\/dlpage\/gaoptout?hl=it\" target=\"_blank\" rel=\"noopener noreferrer\">https:\/\/tools.google.com\/dlpage\/gaoptout?hl=it<\/a><\/p>\n<p>Qui sono disponibili ulteriori informazioni per l\u2019utilizzo di dati attraverso Google Inc.: <a href=\"https:\/\/support.google.com\/analytics\/answer\/6004245?hl=it\" target=\"_blank\" rel=\"noopener noreferrer\">https:\/\/support.google.com\/analytics\/answer\/6004245?hl=it<\/a><\/p>\n<h3>I vostri diritti<\/h3>\n<p>Avete sostanzialmente il diritto all\u2019informazione, correzione, cancellazione, limitazione, \u00a0trasmissibilit\u00e0 \u00a0dei dati, revoca e obiezione. Qualora riteniate che l\u2019elaborazione dei vostri dati violi il diritto alla privacy, o che in qualche modo sia stato violato il vostro diritto alla\u00a0 protezione dei dati, sussiste il diritto di reclamare presso l\u2019ente di controllo responsabile. In Austria \u00e8 l\u2019Ufficio per la salvaguardia dei dati:<\/p>\n<p><strong>\u00c8 possibile contattarci tramite questi dati:<\/strong><\/p>\n<p>Tremeco GmbH | Telefon: <a href=\"tel:+41797252274\">+41 79 7252274<\/a> | <a href=\"mailto:office@tremeco.com\">office@tremeco.com<\/a><\/p>\n<p>Redatto il 09\/07\/2020<\/p>\n<\/div><\/section><\/p><\/div>\n","protected":false},"excerpt":{"rendered":"","protected":false},"author":1,"featured_media":0,"parent":0,"menu_order":0,"comment_status":"closed","ping_status":"closed","template":"","meta":{"inline_featured_image":false,"footnotes":""},"class_list":["post-521","page","type-page","status-publish","hentry"],"yoast_head":"<!-- This site is optimized with the Yoast SEO plugin v27.5 - https:\/\/yoast.com\/product\/yoast-seo-wordpress\/ -->\n<title>Informativa sulla privacy - Tremeco<\/title>\n<meta name=\"robots\" content=\"index, follow, max-snippet:-1, max-image-preview:large, max-video-preview:-1\" \/>\n<link rel=\"canonical\" href=\"https:\/\/www.tremeco.com\/it\/informativa-sulla-privacy\/\" \/>\n<meta property=\"og:locale\" content=\"it_IT\" \/>\n<meta property=\"og:type\" content=\"article\" \/>\n<meta property=\"og:title\" content=\"Informativa sulla privacy - Tremeco\" \/>\n<meta property=\"og:url\" content=\"https:\/\/www.tremeco.com\/it\/informativa-sulla-privacy\/\" \/>\n<meta property=\"og:site_name\" content=\"Tremeco\" \/>\n<meta property=\"article:modified_time\" content=\"2020-09-10T12:23:27+00:00\" \/>\n<meta name=\"twitter:card\" content=\"summary_large_image\" \/>\n<meta name=\"twitter:label1\" content=\"Tempo di lettura stimato\" \/>\n\t<meta name=\"twitter:data1\" content=\"5 minuti\" \/>\n<script type=\"application\/ld+json\" class=\"yoast-schema-graph\">{\"@context\":\"https:\\\/\\\/schema.org\",\"@graph\":[{\"@type\":\"WebPage\",\"@id\":\"https:\\\/\\\/www.tremeco.com\\\/it\\\/informativa-sulla-privacy\\\/\",\"url\":\"https:\\\/\\\/www.tremeco.com\\\/it\\\/informativa-sulla-privacy\\\/\",\"name\":\"Informativa sulla privacy - Tremeco\",\"isPartOf\":{\"@id\":\"https:\\\/\\\/www.tremeco.com\\\/it\\\/#website\"},\"datePublished\":\"2020-09-10T12:23:26+00:00\",\"dateModified\":\"2020-09-10T12:23:27+00:00\",\"breadcrumb\":{\"@id\":\"https:\\\/\\\/www.tremeco.com\\\/it\\\/informativa-sulla-privacy\\\/#breadcrumb\"},\"inLanguage\":\"it-IT\",\"potentialAction\":[{\"@type\":\"ReadAction\",\"target\":[\"https:\\\/\\\/www.tremeco.com\\\/it\\\/informativa-sulla-privacy\\\/\"]}]},{\"@type\":\"BreadcrumbList\",\"@id\":\"https:\\\/\\\/www.tremeco.com\\\/it\\\/informativa-sulla-privacy\\\/#breadcrumb\",\"itemListElement\":[{\"@type\":\"ListItem\",\"position\":1,\"name\":\"Startseite\",\"item\":\"https:\\\/\\\/www.tremeco.com\\\/it\\\/\"},{\"@type\":\"ListItem\",\"position\":2,\"name\":\"Informativa sulla privacy\"}]},{\"@type\":\"WebSite\",\"@id\":\"https:\\\/\\\/www.tremeco.com\\\/it\\\/#website\",\"url\":\"https:\\\/\\\/www.tremeco.com\\\/it\\\/\",\"name\":\"Tremeco\",\"description\":\"Kosmetik, Accessoires und Beautyprodukte\",\"publisher\":{\"@id\":\"https:\\\/\\\/www.tremeco.com\\\/it\\\/#organization\"},\"potentialAction\":[{\"@type\":\"SearchAction\",\"target\":{\"@type\":\"EntryPoint\",\"urlTemplate\":\"https:\\\/\\\/www.tremeco.com\\\/it\\\/?s={search_term_string}\"},\"query-input\":{\"@type\":\"PropertyValueSpecification\",\"valueRequired\":true,\"valueName\":\"search_term_string\"}}],\"inLanguage\":\"it-IT\"},{\"@type\":\"Organization\",\"@id\":\"https:\\\/\\\/www.tremeco.com\\\/it\\\/#organization\",\"name\":\"tremeco AG\",\"url\":\"https:\\\/\\\/www.tremeco.com\\\/it\\\/\",\"logo\":{\"@type\":\"ImageObject\",\"inLanguage\":\"it-IT\",\"@id\":\"https:\\\/\\\/www.tremeco.com\\\/it\\\/#\\\/schema\\\/logo\\\/image\\\/\",\"url\":\"https:\\\/\\\/www.tremeco.com\\\/wp-content\\\/uploads\\\/2020\\\/07\\\/logo-tremeco.svg\",\"contentUrl\":\"https:\\\/\\\/www.tremeco.com\\\/wp-content\\\/uploads\\\/2020\\\/07\\\/logo-tremeco.svg\",\"width\":\"1030\",\"height\":\"1030\",\"caption\":\"tremeco AG\"},\"image\":{\"@id\":\"https:\\\/\\\/www.tremeco.com\\\/it\\\/#\\\/schema\\\/logo\\\/image\\\/\"}}]}<\/script>\n<!-- \/ Yoast SEO plugin. -->","yoast_head_json":{"title":"Informativa sulla privacy - Tremeco","robots":{"index":"index","follow":"follow","max-snippet":"max-snippet:-1","max-image-preview":"max-image-preview:large","max-video-preview":"max-video-preview:-1"},"canonical":"https:\/\/www.tremeco.com\/it\/informativa-sulla-privacy\/","og_locale":"it_IT","og_type":"article","og_title":"Informativa sulla privacy - Tremeco","og_url":"https:\/\/www.tremeco.com\/it\/informativa-sulla-privacy\/","og_site_name":"Tremeco","article_modified_time":"2020-09-10T12:23:27+00:00","twitter_card":"summary_large_image","twitter_misc":{"Tempo di lettura stimato":"5 minuti"},"schema":{"@context":"https:\/\/schema.org","@graph":[{"@type":"WebPage","@id":"https:\/\/www.tremeco.com\/it\/informativa-sulla-privacy\/","url":"https:\/\/www.tremeco.com\/it\/informativa-sulla-privacy\/","name":"Informativa sulla privacy - Tremeco","isPartOf":{"@id":"https:\/\/www.tremeco.com\/it\/#website"},"datePublished":"2020-09-10T12:23:26+00:00","dateModified":"2020-09-10T12:23:27+00:00","breadcrumb":{"@id":"https:\/\/www.tremeco.com\/it\/informativa-sulla-privacy\/#breadcrumb"},"inLanguage":"it-IT","potentialAction":[{"@type":"ReadAction","target":["https:\/\/www.tremeco.com\/it\/informativa-sulla-privacy\/"]}]},{"@type":"BreadcrumbList","@id":"https:\/\/www.tremeco.com\/it\/informativa-sulla-privacy\/#breadcrumb","itemListElement":[{"@type":"ListItem","position":1,"name":"Startseite","item":"https:\/\/www.tremeco.com\/it\/"},{"@type":"ListItem","position":2,"name":"Informativa sulla privacy"}]},{"@type":"WebSite","@id":"https:\/\/www.tremeco.com\/it\/#website","url":"https:\/\/www.tremeco.com\/it\/","name":"Tremeco","description":"Kosmetik, Accessoires und Beautyprodukte","publisher":{"@id":"https:\/\/www.tremeco.com\/it\/#organization"},"potentialAction":[{"@type":"SearchAction","target":{"@type":"EntryPoint","urlTemplate":"https:\/\/www.tremeco.com\/it\/?s={search_term_string}"},"query-input":{"@type":"PropertyValueSpecification","valueRequired":true,"valueName":"search_term_string"}}],"inLanguage":"it-IT"},{"@type":"Organization","@id":"https:\/\/www.tremeco.com\/it\/#organization","name":"tremeco AG","url":"https:\/\/www.tremeco.com\/it\/","logo":{"@type":"ImageObject","inLanguage":"it-IT","@id":"https:\/\/www.tremeco.com\/it\/#\/schema\/logo\/image\/","url":"https:\/\/www.tremeco.com\/wp-content\/uploads\/2020\/07\/logo-tremeco.svg","contentUrl":"https:\/\/www.tremeco.com\/wp-content\/uploads\/2020\/07\/logo-tremeco.svg","width":"1030","height":"1030","caption":"tremeco AG"},"image":{"@id":"https:\/\/www.tremeco.com\/it\/#\/schema\/logo\/image\/"}}]}},"_links":{"self":[{"href":"https:\/\/www.tremeco.com\/it\/wp-json\/wp\/v2\/pages\/521","targetHints":{"allow":["GET"]}}],"collection":[{"href":"https:\/\/www.tremeco.com\/it\/wp-json\/wp\/v2\/pages"}],"about":[{"href":"https:\/\/www.tremeco.com\/it\/wp-json\/wp\/v2\/types\/page"}],"author":[{"embeddable":true,"href":"https:\/\/www.tremeco.com\/it\/wp-json\/wp\/v2\/users\/1"}],"replies":[{"embeddable":true,"href":"https:\/\/www.tremeco.com\/it\/wp-json\/wp\/v2\/comments?post=521"}],"version-history":[{"count":2,"href":"https:\/\/www.tremeco.com\/it\/wp-json\/wp\/v2\/pages\/521\/revisions"}],"predecessor-version":[{"id":523,"href":"https:\/\/www.tremeco.com\/it\/wp-json\/wp\/v2\/pages\/521\/revisions\/523"}],"wp:attachment":[{"href":"https:\/\/www.tremeco.com\/it\/wp-json\/wp\/v2\/media?parent=521"}],"curies":[{"name":"wp","href":"https:\/\/api.w.org\/{rel}","templated":true}]}}