{"id":503,"date":"2020-09-10T12:28:37","date_gmt":"2020-09-10T10:28:37","guid":{"rendered":"https:\/\/www.tremeco.com\/declaration-de-confidentialite\/"},"modified":"2020-09-10T12:28:37","modified_gmt":"2020-09-10T10:28:37","slug":"declaration-de-confidentialite","status":"publish","type":"page","link":"https:\/\/www.tremeco.com\/fr\/declaration-de-confidentialite\/","title":{"rendered":"D\u00e9claration de confidentialit\u00e9"},"content":{"rendered":"\n<style type=\"text\/css\" data-created_by=\"avia_inline_auto\" id=\"style-css-av-3jmt-dba1fb7a8286a30d4d7e05db2ca3ee4d\">\n.flex_column.av-3jmt-dba1fb7a8286a30d4d7e05db2ca3ee4d{\nborder-radius:0px 0px 0px 0px;\npadding:0px 0px 0px 0px;\n}\n<\/style>\n<div  class='flex_column av-3jmt-dba1fb7a8286a30d4d7e05db2ca3ee4d av_one_full  avia-builder-el-0  avia-builder-el-no-sibling  first flex_column_div av-zero-column-padding  '     ><p>\n<style type=\"text\/css\" data-created_by=\"avia_inline_auto\" id=\"style-css-av-35tb-d70e200963d028f4f6adcfa04db2886f\">\n#top .av-special-heading.av-35tb-d70e200963d028f4f6adcfa04db2886f{\npadding-bottom:10px;\n}\nbody .av-special-heading.av-35tb-d70e200963d028f4f6adcfa04db2886f .av-special-heading-tag .heading-char{\nfont-size:25px;\n}\n.av-special-heading.av-35tb-d70e200963d028f4f6adcfa04db2886f .av-subheading{\nfont-size:15px;\n}\n<\/style>\n<div  class='av-special-heading av-35tb-d70e200963d028f4f6adcfa04db2886f av-special-heading-h2 blockquote modern-quote modern-centered  avia-builder-el-1  el_before_av_textblock  avia-builder-el-first '><h2 class='av-special-heading-tag '  itemprop=\"headline\"  >D\u00e9claration de confidentialit\u00e9<\/h2><div class=\"special-heading-border\"><div class=\"special-heading-inner-border\"><\/div><\/div><\/div><br \/>\n<section  class='av_textblock_section av-kcerwgg0-3fb342e5e87f06c826ee2f358a31709b '   itemscope=\"itemscope\" itemtype=\"https:\/\/schema.org\/CreativeWork\" ><div class='avia_textblock'  itemprop=\"text\" ><p>La protection de vos donn\u00e9es personnelles nous tient particuli\u00e8rement \u00e0 c\u0153ur. Nous traitons donc vos donn\u00e9es exclusivement sur la base des dispositions l\u00e9gales (RGPD, loi allemande sur les t\u00e9l\u00e9communications 2003). Dans ces informations sur la protection des donn\u00e9es, nous vous informons sur les aspects les plus importants du traitement des donn\u00e9es dans le cadre de notre site web.<\/p>\n<h3>Acc\u00e8s aux donn\u00e9es<\/h3>\n<p>Le fournisseur du site recueille des donn\u00e9es sur les acc\u00e8s au site et les enregistre sous forme de \u00ab fichiers journaux du serveur \u00bb. Les donn\u00e9es suivantes sont enregistr\u00e9es comme suit :<\/p>\n<ul>\n<li>Site web visit\u00e9<\/li>\n<li>Heure au moment de l\u2019acc\u00e8s<\/li>\n<li>Quantit\u00e9 de donn\u00e9es envoy\u00e9es en octets<\/li>\n<li>Source\/r\u00e9f\u00e9rence \u00e0 partir de laquelle vous avez acc\u00e9d\u00e9 au site<\/li>\n<li>Navigateur utilis\u00e9<\/li>\n<li>Syst\u00e8me d\u2019exploitation utilis\u00e9<\/li>\n<li>Adresse IP utilis\u00e9e<\/li>\n<\/ul>\n<p>Les donn\u00e9es collect\u00e9es ne sont utilis\u00e9es qu\u2019\u00e0 des fins d\u2019analyse statistique et afin d\u2019am\u00e9liorer le site web. N\u00e9anmoins, l\u2019exploitant du site web se r\u00e9serve le droit de v\u00e9rifier ult\u00e9rieurement les fichiers journaux du serveur si des indications concr\u00e8tes d\u2019utilisation illicite sont trouv\u00e9es.<\/p>\n<h3>Cookies<\/h3>\n<p>Ce site web utilise des cookies. Il s\u2019agit de petits fichiers texte qui sont stock\u00e9s sur votre terminal. Ils ne causent aucun dommage. Votre navigateur acc\u00e8de \u00e0 ces fichiers. L\u2019utilisation de cookies augmente la convivialit\u00e9 et la s\u00e9curit\u00e9 de ce site web.<\/p>\n<p>Les navigateurs courants offrent l\u2019option de r\u00e9glage de ne pas autoriser les cookies. Note : Il n\u2019est pas garanti que vous pourrez acc\u00e9der \u00e0 toutes les fonctions de ce site web sans restriction si vous effectuez les r\u00e9glages appropri\u00e9s.<\/p>\n<h3>Traitement des donn\u00e9es \u00e0 caract\u00e8re personnel<\/h3>\n<p>L\u2019exploitant du site web ne recueille, n\u2019utilise et ne transmet vos donn\u00e9es \u00e0 caract\u00e8re personnel que si cela est autoris\u00e9 par la loi ou si vous consentez \u00e0 la collecte de donn\u00e9es.<\/p>\n<p>Les donn\u00e9es \u00e0 caract\u00e8re personnel sont consid\u00e9r\u00e9es comme toutes les informations qui servent \u00e0 d\u00e9terminer votre personne et qui peuvent \u00eatre retrac\u00e9es jusqu\u2019\u00e0 vous comme par exemple votre nom, votre adresse email et votre num\u00e9ro de t\u00e9l\u00e9phone.<\/p>\n<h3>Traitement des coordonn\u00e9es<\/h3>\n<p>Si vous contactez l\u2019op\u00e9rateur du site web via les options de contact propos\u00e9es, vos coordonn\u00e9es seront enregistr\u00e9es pendant une p\u00e9riode de six mois afin qu\u2019elles puissent \u00eatre utilis\u00e9es afin de traiter et de r\u00e9pondre \u00e0 votre demande et en cas de questions compl\u00e9mentaires. Ces donn\u00e9es ne seront pas transmises \u00e0 des tiers sans votre consentement.<\/p>\n<h3>Google Analytics<\/h3>\n<p>Notre site web utilise les fonctions du service d\u2019analyse de sites web \u00ab\u00a0Google Analytics\u00a0\u00bb, qui est fourni par Google Inc. (1600 Amphitheatre Parkway Mountain View, CA 94043, USA). Des cookies sont utilis\u00e9s \u00e0 cette fin, qui permettent d\u2019analyser l\u2019utilisation du site web par vos utilisateurs. Les informations ainsi g\u00e9n\u00e9r\u00e9es sont transf\u00e9r\u00e9es au serveur du fournisseur et y sont stock\u00e9es.<\/p>\n<p>Vous pouvez emp\u00eacher cela en configurant votre navigateur de mani\u00e8re \u00e0 ce qu\u2019aucun cookie ne soit enregistr\u00e9.<\/p>\n<p>Nous avons conclu un contrat correspondant avec le fournisseur pour le traitement des donn\u00e9es de commande.<\/p>\n<p>Votre adresse IP est enregistr\u00e9e, mais elle est imm\u00e9diatement pseudonymis\u00e9e [par exemple en supprimant les 8 derniers bits]. Seule une localisation approximative est donc possible.<\/p>\n<p>La relation avec le fournisseur d\u2019analyse de sites web repose sur les clauses applicables respectives du droit am\u00e9ricain (Privacy Shield).<\/p>\n<p>Les donn\u00e9es sont trait\u00e9es sur la base des dispositions l\u00e9gales de l\u2019article 96, alin\u00e9a 3, de la loi sur les t\u00e9l\u00e9communications (TKG) et de l\u2019article 6, alin\u00e9a 1, lettre a (consentement) et\/ou f (int\u00e9r\u00eat l\u00e9gitime) du RGPD.<\/p>\n<p>Notre pr\u00e9occupation au sens du RGPD (int\u00e9r\u00eat l\u00e9gitime) est l\u2019am\u00e9lioration de notre offre et de notre pr\u00e9sentation sur le web. Comme la vie priv\u00e9e de nos utilisateurs nous tient \u00e0 c\u0153ur, les donn\u00e9es des utilisateurs sont pseudonomys\u00e9es.<\/p>\n<p>Les donn\u00e9es des utilisateurs seront conserv\u00e9es pendant une p\u00e9riode de 26 mois.<\/p>\n<p>Qui plus est, vous pouvez utiliser un plugin de navigateur afin d\u2019emp\u00eacher que les informations collect\u00e9es par les cookies (y compris votre adresse IP) soient envoy\u00e9es \u00e0 Google Inc. et utilis\u00e9es par Google Inc. Le lien suivant vous conduira au plugin correspondant: <a href=\"https:\/\/tools.google.com\/dlpage\/gaoptout?hl=fr\" target=\"_blank\" rel=\"noopener noreferrer\">https:\/\/tools.google.com\/dlpage\/gaoptout?hl=fr<\/a><\/p>\n<p>Vous trouverez ici de plus amples informations sur l\u2019utilisation des donn\u00e9es par Google Inc.: <a href=\"https:\/\/support.google.com\/analytics\/answer\/6004245?hl=fr\" target=\"_blank\" rel=\"noopener noreferrer\">https:\/\/support.google.com\/analytics\/answer\/6004245?hl=fr<\/a><\/p>\n<h3>Vos droits<\/h3>\n<p>En principe, vous disposez des droits d\u2019acc\u00e8s, de rectification, de suppression, d\u2019annulation, de transfert de donn\u00e9es, de r\u00e9vocation et d\u2019opposition. Si vous pensez que le traitement de vos donn\u00e9es viole la loi sur la protection des donn\u00e9es ou que vos droits en mati\u00e8re de protection des donn\u00e9es ont \u00e9t\u00e9 viol\u00e9s d\u2019une quelconque mani\u00e8re, vous pouvez vous plaindre aupr\u00e8s de l\u2019autorit\u00e9 de surveillance. En Autriche, il s\u2019agit de l\u2019autorit\u00e9 de protection des donn\u00e9es.<\/p>\n<p>Vous pouvez nous contacter aux coordonn\u00e9es suivantes:<br \/>tremeco GmbH | T\u00e9l\u00e9phone : <a href=\"tel:+41797252274\">+41 79 7252274<\/a> | <a href=\"mailto:office@tremeco.com\">office@tremeco.com<\/a><\/p>\n<p>Situation au 09\/07\/2020<\/p>\n<\/div><\/section><\/p><\/div>\n","protected":false},"excerpt":{"rendered":"","protected":false},"author":1,"featured_media":0,"parent":0,"menu_order":0,"comment_status":"closed","ping_status":"closed","template":"","meta":{"inline_featured_image":false,"footnotes":""},"class_list":["post-503","page","type-page","status-publish","hentry"],"yoast_head":"<!-- This site is optimized with the Yoast SEO plugin v27.5 - https:\/\/yoast.com\/product\/yoast-seo-wordpress\/ -->\n<title>D\u00e9claration de confidentialit\u00e9 - Tremeco<\/title>\n<meta name=\"robots\" content=\"index, follow, max-snippet:-1, max-image-preview:large, max-video-preview:-1\" \/>\n<link rel=\"canonical\" href=\"https:\/\/www.tremeco.com\/fr\/declaration-de-confidentialite\/\" \/>\n<meta property=\"og:locale\" content=\"fr_FR\" \/>\n<meta property=\"og:type\" content=\"article\" \/>\n<meta property=\"og:title\" content=\"D\u00e9claration de confidentialit\u00e9 - Tremeco\" \/>\n<meta property=\"og:url\" content=\"https:\/\/www.tremeco.com\/fr\/declaration-de-confidentialite\/\" \/>\n<meta property=\"og:site_name\" content=\"Tremeco\" \/>\n<meta name=\"twitter:card\" content=\"summary_large_image\" \/>\n<meta name=\"twitter:label1\" content=\"Dur\u00e9e de lecture estim\u00e9e\" \/>\n\t<meta name=\"twitter:data1\" content=\"6 minutes\" \/>\n<script type=\"application\/ld+json\" class=\"yoast-schema-graph\">{\"@context\":\"https:\\\/\\\/schema.org\",\"@graph\":[{\"@type\":\"WebPage\",\"@id\":\"https:\\\/\\\/www.tremeco.com\\\/fr\\\/declaration-de-confidentialite\\\/\",\"url\":\"https:\\\/\\\/www.tremeco.com\\\/fr\\\/declaration-de-confidentialite\\\/\",\"name\":\"D\u00e9claration de confidentialit\u00e9 - Tremeco\",\"isPartOf\":{\"@id\":\"https:\\\/\\\/www.tremeco.com\\\/fr\\\/#website\"},\"datePublished\":\"2020-09-10T10:28:37+00:00\",\"breadcrumb\":{\"@id\":\"https:\\\/\\\/www.tremeco.com\\\/fr\\\/declaration-de-confidentialite\\\/#breadcrumb\"},\"inLanguage\":\"fr-FR\",\"potentialAction\":[{\"@type\":\"ReadAction\",\"target\":[\"https:\\\/\\\/www.tremeco.com\\\/fr\\\/declaration-de-confidentialite\\\/\"]}]},{\"@type\":\"BreadcrumbList\",\"@id\":\"https:\\\/\\\/www.tremeco.com\\\/fr\\\/declaration-de-confidentialite\\\/#breadcrumb\",\"itemListElement\":[{\"@type\":\"ListItem\",\"position\":1,\"name\":\"Startseite\",\"item\":\"https:\\\/\\\/www.tremeco.com\\\/fr\\\/\"},{\"@type\":\"ListItem\",\"position\":2,\"name\":\"D\u00e9claration de confidentialit\u00e9\"}]},{\"@type\":\"WebSite\",\"@id\":\"https:\\\/\\\/www.tremeco.com\\\/fr\\\/#website\",\"url\":\"https:\\\/\\\/www.tremeco.com\\\/fr\\\/\",\"name\":\"Tremeco\",\"description\":\"Kosmetik, Accessoires und Beautyprodukte\",\"publisher\":{\"@id\":\"https:\\\/\\\/www.tremeco.com\\\/fr\\\/#organization\"},\"potentialAction\":[{\"@type\":\"SearchAction\",\"target\":{\"@type\":\"EntryPoint\",\"urlTemplate\":\"https:\\\/\\\/www.tremeco.com\\\/fr\\\/?s={search_term_string}\"},\"query-input\":{\"@type\":\"PropertyValueSpecification\",\"valueRequired\":true,\"valueName\":\"search_term_string\"}}],\"inLanguage\":\"fr-FR\"},{\"@type\":\"Organization\",\"@id\":\"https:\\\/\\\/www.tremeco.com\\\/fr\\\/#organization\",\"name\":\"tremeco AG\",\"url\":\"https:\\\/\\\/www.tremeco.com\\\/fr\\\/\",\"logo\":{\"@type\":\"ImageObject\",\"inLanguage\":\"fr-FR\",\"@id\":\"https:\\\/\\\/www.tremeco.com\\\/fr\\\/#\\\/schema\\\/logo\\\/image\\\/\",\"url\":\"https:\\\/\\\/www.tremeco.com\\\/wp-content\\\/uploads\\\/2020\\\/07\\\/logo-tremeco.svg\",\"contentUrl\":\"https:\\\/\\\/www.tremeco.com\\\/wp-content\\\/uploads\\\/2020\\\/07\\\/logo-tremeco.svg\",\"width\":\"1030\",\"height\":\"1030\",\"caption\":\"tremeco AG\"},\"image\":{\"@id\":\"https:\\\/\\\/www.tremeco.com\\\/fr\\\/#\\\/schema\\\/logo\\\/image\\\/\"}}]}<\/script>\n<!-- \/ Yoast SEO plugin. -->","yoast_head_json":{"title":"D\u00e9claration de confidentialit\u00e9 - Tremeco","robots":{"index":"index","follow":"follow","max-snippet":"max-snippet:-1","max-image-preview":"max-image-preview:large","max-video-preview":"max-video-preview:-1"},"canonical":"https:\/\/www.tremeco.com\/fr\/declaration-de-confidentialite\/","og_locale":"fr_FR","og_type":"article","og_title":"D\u00e9claration de confidentialit\u00e9 - Tremeco","og_url":"https:\/\/www.tremeco.com\/fr\/declaration-de-confidentialite\/","og_site_name":"Tremeco","twitter_card":"summary_large_image","twitter_misc":{"Dur\u00e9e de lecture estim\u00e9e":"6 minutes"},"schema":{"@context":"https:\/\/schema.org","@graph":[{"@type":"WebPage","@id":"https:\/\/www.tremeco.com\/fr\/declaration-de-confidentialite\/","url":"https:\/\/www.tremeco.com\/fr\/declaration-de-confidentialite\/","name":"D\u00e9claration de confidentialit\u00e9 - Tremeco","isPartOf":{"@id":"https:\/\/www.tremeco.com\/fr\/#website"},"datePublished":"2020-09-10T10:28:37+00:00","breadcrumb":{"@id":"https:\/\/www.tremeco.com\/fr\/declaration-de-confidentialite\/#breadcrumb"},"inLanguage":"fr-FR","potentialAction":[{"@type":"ReadAction","target":["https:\/\/www.tremeco.com\/fr\/declaration-de-confidentialite\/"]}]},{"@type":"BreadcrumbList","@id":"https:\/\/www.tremeco.com\/fr\/declaration-de-confidentialite\/#breadcrumb","itemListElement":[{"@type":"ListItem","position":1,"name":"Startseite","item":"https:\/\/www.tremeco.com\/fr\/"},{"@type":"ListItem","position":2,"name":"D\u00e9claration de confidentialit\u00e9"}]},{"@type":"WebSite","@id":"https:\/\/www.tremeco.com\/fr\/#website","url":"https:\/\/www.tremeco.com\/fr\/","name":"Tremeco","description":"Kosmetik, Accessoires und Beautyprodukte","publisher":{"@id":"https:\/\/www.tremeco.com\/fr\/#organization"},"potentialAction":[{"@type":"SearchAction","target":{"@type":"EntryPoint","urlTemplate":"https:\/\/www.tremeco.com\/fr\/?s={search_term_string}"},"query-input":{"@type":"PropertyValueSpecification","valueRequired":true,"valueName":"search_term_string"}}],"inLanguage":"fr-FR"},{"@type":"Organization","@id":"https:\/\/www.tremeco.com\/fr\/#organization","name":"tremeco AG","url":"https:\/\/www.tremeco.com\/fr\/","logo":{"@type":"ImageObject","inLanguage":"fr-FR","@id":"https:\/\/www.tremeco.com\/fr\/#\/schema\/logo\/image\/","url":"https:\/\/www.tremeco.com\/wp-content\/uploads\/2020\/07\/logo-tremeco.svg","contentUrl":"https:\/\/www.tremeco.com\/wp-content\/uploads\/2020\/07\/logo-tremeco.svg","width":"1030","height":"1030","caption":"tremeco AG"},"image":{"@id":"https:\/\/www.tremeco.com\/fr\/#\/schema\/logo\/image\/"}}]}},"_links":{"self":[{"href":"https:\/\/www.tremeco.com\/fr\/wp-json\/wp\/v2\/pages\/503","targetHints":{"allow":["GET"]}}],"collection":[{"href":"https:\/\/www.tremeco.com\/fr\/wp-json\/wp\/v2\/pages"}],"about":[{"href":"https:\/\/www.tremeco.com\/fr\/wp-json\/wp\/v2\/types\/page"}],"author":[{"embeddable":true,"href":"https:\/\/www.tremeco.com\/fr\/wp-json\/wp\/v2\/users\/1"}],"replies":[{"embeddable":true,"href":"https:\/\/www.tremeco.com\/fr\/wp-json\/wp\/v2\/comments?post=503"}],"version-history":[{"count":2,"href":"https:\/\/www.tremeco.com\/fr\/wp-json\/wp\/v2\/pages\/503\/revisions"}],"predecessor-version":[{"id":505,"href":"https:\/\/www.tremeco.com\/fr\/wp-json\/wp\/v2\/pages\/503\/revisions\/505"}],"wp:attachment":[{"href":"https:\/\/www.tremeco.com\/fr\/wp-json\/wp\/v2\/media?parent=503"}],"curies":[{"name":"wp","href":"https:\/\/api.w.org\/{rel}","templated":true}]}}